{"id":64,"date":"2020-01-31T13:41:29","date_gmt":"2020-01-31T12:41:29","guid":{"rendered":"http:\/\/brassibee.com\/?page_id=64"},"modified":"2020-09-09T11:28:11","modified_gmt":"2020-09-09T09:28:11","slug":"home-page","status":"publish","type":"page","link":"https:\/\/brassibee.com\/en\/","title":{"rendered":"Home page"},"content":{"rendered":"","protected":false},"excerpt":{"rendered":"","protected":false},"author":1,"featured_media":0,"parent":0,"menu_order":19,"comment_status":"closed","ping_status":"closed","template":"template-home-page-en.php","meta":{"_acf_changed":false,"footnotes":""},"acf":[],"yoast_head":"<!-- This site is optimized with the Yoast SEO plugin v22.9 - https:\/\/yoast.com\/wordpress\/plugins\/seo\/ -->\n<title>Home page - BrassiBee\u2122<\/title>\n<meta name=\"robots\" content=\"index, follow, max-snippet:-1, max-image-preview:large, max-video-preview:-1\" \/>\n<link rel=\"canonical\" href=\"https:\/\/brassibee.com\/en\/\" \/>\n<meta property=\"og:locale\" content=\"en_US\" \/>\n<meta property=\"og:type\" content=\"article\" \/>\n<meta property=\"og:title\" content=\"Home page - BrassiBee\u2122\" \/>\n<meta property=\"og:url\" content=\"https:\/\/brassibee.com\/en\/\" \/>\n<meta property=\"og:site_name\" content=\"BrassiBee\u2122\" \/>\n<meta property=\"article:modified_time\" content=\"2020-09-09T09:28:11+00:00\" \/>\n<meta name=\"twitter:card\" content=\"summary_large_image\" \/>\n<script type=\"application\/ld+json\" class=\"yoast-schema-graph\">{\"@context\":\"https:\/\/schema.org\",\"@graph\":[{\"@type\":\"WebPage\",\"@id\":\"https:\/\/brassibee.com\/en\/\",\"url\":\"https:\/\/brassibee.com\/en\/\",\"name\":\"Home page - BrassiBee\u2122\",\"isPartOf\":{\"@id\":\"https:\/\/brassibee.com\/en\/#website\"},\"datePublished\":\"2020-01-31T12:41:29+00:00\",\"dateModified\":\"2020-09-09T09:28:11+00:00\",\"breadcrumb\":{\"@id\":\"https:\/\/brassibee.com\/en\/#breadcrumb\"},\"inLanguage\":\"en-US\",\"potentialAction\":[{\"@type\":\"ReadAction\",\"target\":[\"https:\/\/brassibee.com\/en\/\"]}]},{\"@type\":\"BreadcrumbList\",\"@id\":\"https:\/\/brassibee.com\/en\/#breadcrumb\",\"itemListElement\":[{\"@type\":\"ListItem\",\"position\":1,\"name\":\"Strona g\u0142\u00f3wna\",\"item\":\"https:\/\/brassibee.com\/en\/\"},{\"@type\":\"ListItem\",\"position\":2,\"name\":\"Home page\"}]},{\"@type\":\"WebSite\",\"@id\":\"https:\/\/brassibee.com\/en\/#website\",\"url\":\"https:\/\/brassibee.com\/en\/\",\"name\":\"BrassiBee\u2122\",\"description\":\"Preparat Brassibee\u2122 wspomaga zwalczanie nosemozy oraz przyczynia si\u0119 do zwi\u0119kszenia witalno\u015bci pszcz\u00f3\u0142 i poprawy kondycji rodziny pszczelej.\",\"potentialAction\":[{\"@type\":\"SearchAction\",\"target\":{\"@type\":\"EntryPoint\",\"urlTemplate\":\"https:\/\/brassibee.com\/en\/?s={search_term_string}\"},\"query-input\":\"required name=search_term_string\"}],\"inLanguage\":\"en-US\"}]}<\/script>\n<!-- \/ Yoast SEO plugin. -->","yoast_head_json":{"title":"Home page - BrassiBee\u2122","robots":{"index":"index","follow":"follow","max-snippet":"max-snippet:-1","max-image-preview":"max-image-preview:large","max-video-preview":"max-video-preview:-1"},"canonical":"https:\/\/brassibee.com\/en\/","og_locale":"en_US","og_type":"article","og_title":"Home page - BrassiBee\u2122","og_url":"https:\/\/brassibee.com\/en\/","og_site_name":"BrassiBee\u2122","article_modified_time":"2020-09-09T09:28:11+00:00","twitter_card":"summary_large_image","schema":{"@context":"https:\/\/schema.org","@graph":[{"@type":"WebPage","@id":"https:\/\/brassibee.com\/en\/","url":"https:\/\/brassibee.com\/en\/","name":"Home page - BrassiBee\u2122","isPartOf":{"@id":"https:\/\/brassibee.com\/en\/#website"},"datePublished":"2020-01-31T12:41:29+00:00","dateModified":"2020-09-09T09:28:11+00:00","breadcrumb":{"@id":"https:\/\/brassibee.com\/en\/#breadcrumb"},"inLanguage":"en-US","potentialAction":[{"@type":"ReadAction","target":["https:\/\/brassibee.com\/en\/"]}]},{"@type":"BreadcrumbList","@id":"https:\/\/brassibee.com\/en\/#breadcrumb","itemListElement":[{"@type":"ListItem","position":1,"name":"Strona g\u0142\u00f3wna","item":"https:\/\/brassibee.com\/en\/"},{"@type":"ListItem","position":2,"name":"Home page"}]},{"@type":"WebSite","@id":"https:\/\/brassibee.com\/en\/#website","url":"https:\/\/brassibee.com\/en\/","name":"BrassiBee\u2122","description":"Preparat Brassibee\u2122 wspomaga zwalczanie nosemozy oraz przyczynia si\u0119 do zwi\u0119kszenia witalno\u015bci pszcz\u00f3\u0142 i poprawy kondycji rodziny pszczelej.","potentialAction":[{"@type":"SearchAction","target":{"@type":"EntryPoint","urlTemplate":"https:\/\/brassibee.com\/en\/?s={search_term_string}"},"query-input":"required name=search_term_string"}],"inLanguage":"en-US"}]}},"_links":{"self":[{"href":"https:\/\/brassibee.com\/en\/wp-json\/wp\/v2\/pages\/64"}],"collection":[{"href":"https:\/\/brassibee.com\/en\/wp-json\/wp\/v2\/pages"}],"about":[{"href":"https:\/\/brassibee.com\/en\/wp-json\/wp\/v2\/types\/page"}],"author":[{"embeddable":true,"href":"https:\/\/brassibee.com\/en\/wp-json\/wp\/v2\/users\/1"}],"replies":[{"embeddable":true,"href":"https:\/\/brassibee.com\/en\/wp-json\/wp\/v2\/comments?post=64"}],"version-history":[{"count":3,"href":"https:\/\/brassibee.com\/en\/wp-json\/wp\/v2\/pages\/64\/revisions"}],"predecessor-version":[{"id":127,"href":"https:\/\/brassibee.com\/en\/wp-json\/wp\/v2\/pages\/64\/revisions\/127"}],"wp:attachment":[{"href":"https:\/\/brassibee.com\/en\/wp-json\/wp\/v2\/media?parent=64"}],"curies":[{"name":"wp","href":"https:\/\/api.w.org\/{rel}","templated":true}]}}