{"id":67,"date":"2020-01-31T13:44:59","date_gmt":"2020-01-31T12:44:59","guid":{"rendered":"http:\/\/brassibee.com\/?page_id=67"},"modified":"2020-01-31T13:44:59","modified_gmt":"2020-01-31T12:44:59","slug":"shop-regulations","status":"publish","type":"page","link":"https:\/\/brassibee.com\/en\/shop-regulations\/","title":{"rendered":"Shop Regulations"},"content":{"rendered":"<h2>RULES OF SALE BY MEANS OF COMMUNICATION ON<br \/>\nDISTANCE AND ELECTRONIC PROVISION OF SERVICES<\/h2>\n<p>Internet shop www.brassitech.com is run by Brasitech Sp. z o.o. Sp. k.<br \/>\nKarolina 58 05-530 G\u00f3ra Kalwaria conducting business activity under the name Brasitech<br \/>\nSp. z o.o. Sp. k. entered in the National Court Register kept by the District Court<br \/>\nfor the capital city of Warsaw in Warsaw, XIV Commercial Division of the National Register<br \/>\nKRS number: 0000729578 REGON: 380057936 NIP: 1231396607<\/p>\n<h2>\u00a7 1<\/h2>\n<h2>Definitions<\/h2>\n<p>1. Regulations &#8211; these Regulations. With regard to services provided by electronic means<br \/>\nThe regulations are those referred to in Article 8 of the Act of 18 July 2002 on<br \/>\nproviding services by electronic means (Journal of Laws of 2002 No. 144, item 1204 as amended).<br \/>\n2. Customer (Buyer) &#8211; a natural person who is at least 13 years old, where in<br \/>\nif the person does not reach the age of 18, the consent of his or her representative is required<br \/>\nThe legal entity is not a legal person, as well as an organizational unit that is not a legal person,<br \/>\nto which specific provisions confer legal capacity and which performs or intends to perform<br \/>\nOrders or uses other services of the Online Shop (including the Consumer).<br \/>\n3. Subject of transaction &#8211; Goods listed and described on the Store&#8217;s website<br \/>\nInternet. The seller makes every effort to present the offer on the pages,<br \/>\nwas up to date. However, if some of the Ordered Goods were not available, the Seller<br \/>\nundertakes to immediately inform the Buyer of the situation by telephone<br \/>\nor by e-mail.<br \/>\n4. Goods &#8211; a movable item, to which the Sales Agreement applies.<br \/>\n5. Product &#8211; Goods and Additional Services presented in the Online Shop.<br \/>\n6. Sales Agreement &#8211; an agreement for the sale of Products within the meaning of the Civil Code,<br \/>\nconcluded between the Service Provider and the Client, using means of communication<br \/>\nat a distance (including by phone).<br \/>\n7. Internet Shop &#8211; (Shop, Internet Shop) &#8211; Internet service available at the address<br \/>\nwww.brassitech.com,za through which the Customer can purchase the Product.<br \/>\n8. Shop page &#8211; each page or subpage located at the address<br \/>\nwww.brassitech.com<br \/>\n9. Order &#8211; a statement of the Customer&#8217;s will specifying clearly the type and quantity of the Products,<br \/>\naimed directly at concluding a Distance Selling Agreement through<br \/>\nThe Internet store.<\/p>\n<h2>\u00a7 2<\/h2>\n<h2>Acceptance and performance of orders<\/h2>\n<ol>\n<li>The Store sells goods through the Store&#8217;s website. All products<br \/>\noffered in the Store are brand new, free from physical and legal defects and have been<br \/>\nlegally introduced into Poland.<\/li>\n<li>The customer may be a natural person with full or limited capacity to act.<br \/>\nand a legal person.<\/li>\n<li>\u00a0To place an order, you must register on the Store&#8217;s website (www.brassitech.com) and<br \/>\nfill in the form indicated on the page.<br \/>\nOrders from customers are accepted only through the website<br \/>\nwww.brassitech.com<\/li>\n<li>When sending an order to the Store, the Customer makes an offer to conclude a sales contract<br \/>\nof ordered goods with the Shop.<\/li>\n<li>According to the Regulations, an order means an obligation<br \/>\nof payment. Order acceptance confirmation sent by the Store to the address provided by the Customer<br \/>\nThe e-mail constitutes a declaration of acceptance of the offer referred to above.<br \/>\nIn case of unavailability of the goods covered by the order in the warehouse, at suppliers<\/li>\n<li>\u00a0The Store, or for other reasons and the impossibility of completing the Customer&#8217;s order, will notify the Customer of<br \/>\nthe Client&#8217;s fact within 30 (thirty) days from the date of conclusion of the agreement at the latest and<br \/>\nwill return the money paid in. Notification will be sent to the e-mail address indicated by<br \/>\nThe customer in the order form.<\/li>\n<li>The ordered goods can be collected personally at the Seller&#8217;s office or the goods are<br \/>\ndelivered through specialised courier companies on delivery.<\/li>\n<li>When choosing the payment option &#8220;transfer&#8221; or &#8220;online transfer&#8221; until the time specified on<br \/>\nthe time of crediting the funds to the shop&#8217;s bank account should be added to the service pages<br \/>\n(usually 1-2 working days).<\/li>\n<li>In the case of shipping outside Poland, the cost of shipping is negotiated individually before<br \/>\norder confirmation by the Customer.<\/li>\n<li>After confirmation of the order acceptance, the Store undertakes within 2 working days to<br \/>\nsend the goods to the Customer in accordance with the order unless the Buyer wishes to receive<br \/>\nshipments at a different time or under different conditions.<\/li>\n<li>Customers are informed about the status of their order via e-mail.<\/li>\n<li>In case of lack of order confirmation within 5 days it is deleted.<\/li>\n<li>The customer, when collecting the package with the order, should check the status of the package. In case<br \/>\nthe findings of destruction or damage to the packaging must be made in the presence of the courier<br \/>\ndamage report. The damage report sent to the Store together with the complaint will facilitate its consideration.<\/li>\n<li>The Customer agrees to issue and send by electronic means, as indicated by<br \/>\ne-mail address, electronic image of billing documents, in particular such<br \/>\nsuch as: corrected VAT invoices with annexes and forms.<\/li>\n<li>This consent also entitles the Seller to issue and send VAT invoices in<br \/>\nin electronic form, in accordance with the Regulation of the Minister of Finance of 17 December 2010 in<br \/>\non sending invoices in electronic form, rules of their storage and procedure<br \/>\nto be made available to the tax authority or tax inspection authority.<\/li>\n<\/ol>\n<h2>\u00a73<\/h2>\n<h3>Prices of goods<\/h3>\n<ol>\n<li>All prices of goods placed on the Store&#8217;s website are given in PLN,<br \/>\ninclude VAT and do not include information on delivery costs.<\/li>\n<li>The price given for each item is binding at the moment of placing an order by the Customer.<\/li>\n<li>A receipt is issued for each product sold, and at the Customer&#8217;s request also a VAT invoice.<\/li>\n<\/ol>\n<h2>\u00a74<\/h2>\n<h2>Shipment of goods<\/h2>\n<ol>\n<li>Shipping (delivery) costs are calculated according to the current price lists of courier companies and depend on<br \/>\nfrom the weight, size of the shipment, the choice of delivery method and the payment method chosen. When filling in the interactive order form, the CLIENT is informed about<br \/>\nThe customer is obliged to pay the costs and selects the method and accepts the shipping cost when placing an order.<\/li>\n<li>Detailed information about the shipping costs can be found in the tab &amp;quot;Delivery<br \/>\nProduct&amp;quot; on the website of the online store.<\/li>\n<li>Delivery costs shall be borne by the customer unless the product offer description states otherwise.<\/li>\n<li>Purchased products are sent by courier, the names of companies can be checked in the tab<br \/>\n&#8220;Product Delivery.<\/li>\n<\/ol>\n<h2>\u00a75<\/h2>\n<h2>Complaints<\/h2>\n<ol>\n<li>In case it turns out that the delivered goods do not comply with the order,<br \/>\nThe Purchaser has the right to exchange the goods for the ordered or new ones.<\/li>\n<li>If the goods received are defective by virtue of his rights from the seller in respect of<br \/>\nthe non-conformity of the goods with the contract.<\/li>\n<li>If the goods are not in conformity with the contract, the Customer has the right to<br \/>\nto make a complaint in the store. This right shall be valid for 2 (two) years from the date of<br \/>\ndelivery of the goods, provided that the Shop is notified of the non-compliance within 2 (two)<br \/>\nmonths after it was discovered. In such a case the Customer should send back the goods at his own expense at<br \/>\nThe address of the store: Brasitech Sp. z o.o. Sp. k. Karolina 58 05-530 G\u00f3ra Kalwaria. To be sent back<br \/>\nthe goods must be accompanied by a purchase confirmation (receipt\/invoice)<\/li>\n<li>The store does not accept any COD shipments.<\/li>\n<li>The goods should be sent back by Poczta Polska by economic postal parcel<br \/>\nor by courier (registered mail is not delivered to the Store) on<br \/>\nthe cost of the customer.<\/li>\n<li>Shop, at the latest within 14 days from the date of receipt of the package with the advertised goods,<br \/>\nwill respond to the submitted complaint and inform the Client about further proceedings. W<br \/>\nIf the complaint is accepted, the damaged goods will be exchanged for another,<br \/>\ncomplete. If this is not possible (for example, due to stock depletion<br \/>\nIf the customer is not satisfied with the price of the goods), the Shop shall return the equivalent of the price of the goods to the customer. Costs associated with sending back<br \/>\nthe advertised goods (economy mail parcel \/ courier service) The store returns after<br \/>\nto accept the complaint.<\/li>\n<li>The customer loses the rights specified in the Act on special conditions of sale<br \/>\nThe Commission shall notify the Consumer Protection Authority of any changes to the Civil Code if, before two months have elapsed since<br \/>\nfinding that the goods are not in conformity with the contract will not inform the shop about this fact. To preserve<br \/>\nIt is sufficient to send a notice before the deadline. In the case of a sale, no<br \/>\nwhich constitute consumer sales, the provisions of Articles 556 to 576 are excluded<br \/>\nCivil Code.<\/li>\n<\/ol>\n<h2>\u00a76<\/h2>\n<h2>Right of withdrawal<\/h2>\n<ol>\n<li>According to the Act of 2 March 2000 on the Protection of Certain Consumer Rights and on the Protection of<br \/>\nliability for damage caused by a hazardous product&amp;quot; Customer being a person<br \/>\nphysical person, making a purchase for purposes not related to professional or business activity, may withdraw from the contract without giving any reason within 14 days from the date of receiving the package.<br \/>\nThe customer should make a declaration of withdrawal from the contract and return the goods to<br \/>\nThe store.<\/li>\n<li>Returned goods should be returned to the Store in the unaltered state unless the change<br \/>\nwas necessary within the limits of ordinary management. In particular, the goods should be returned in its original packaging. In case of returning the goods in an altered state, if the change does not<br \/>\nwas necessary within the limits of ordinary management, including return without original packaging, The shop reserves the right to claim damages.<\/li>\n<li>The shop is not responsible for errors in the handling of the order or other instructions.<br \/>\nThe Client&#8217;s data is not correct.<\/li>\n<li>The shop is not responsible for transactions made by unauthorized persons<br \/>\nthird parties who have gained access to the Client&#8217;s account as a result of a failure to observe the prudential rules by<br \/>\nThe client uses his account login and password<\/li>\n<li>In matters not covered by these Regulations, the provisions of law shall apply<br \/>\nPolish, and in particular the Civil Code, the Act on Special Terms of Sale<br \/>\nThe following are the changes to the Civil Code (Journal of Laws No. 141 of 2002, item 1176, as amended)<br \/>\nand the provisions of the Act on the protection of certain consumer rights and liability for<br \/>\ndamage caused by a dangerous product (Journal of Laws No. 22 of 2000, item 271 with later amendments) 6.<br \/>\nThe shop reserves the right to make changes to these Regulations with reservation,<br \/>\nthat contracts concluded prior to the amendment of the Regulations shall be governed by the version of the Regulations in force in<br \/>\nthe moment the customer places an order. 7th Date of publication of the regulations 22-03-2018.<\/li>\n<\/ol>\n","protected":false},"excerpt":{"rendered":"RULES OF SALE BY MEANS OF COMMUNICATION ON DISTANCE AND ELECTRONIC PROVISION OF SERVICES Internet shop www.brassitech.com is run by Brasitech Sp. z o.o. Sp. k. Karolina 58 05-530 G\u00f3ra Kalwaria conducting business activity under the name Brasitech Sp. z o.o. Sp. k. entered in the National Court Register kept by the District Court for&#8230; <a class=\"view-article\" href=\"https:\/\/brassibee.com\/en\/shop-regulations\/\">View Article<\/a>","protected":false},"author":1,"featured_media":0,"parent":0,"menu_order":8,"comment_status":"closed","ping_status":"closed","template":"","meta":{"_acf_changed":false,"footnotes":""},"acf":[],"yoast_head":"<!-- This site is optimized with the Yoast SEO plugin v22.9 - https:\/\/yoast.com\/wordpress\/plugins\/seo\/ -->\n<title>Shop Regulations - BrassiBee\u2122<\/title>\n<meta name=\"robots\" content=\"index, follow, max-snippet:-1, max-image-preview:large, max-video-preview:-1\" \/>\n<link rel=\"canonical\" href=\"https:\/\/brassibee.com\/en\/shop-regulations\/\" \/>\n<meta property=\"og:locale\" content=\"en_US\" \/>\n<meta property=\"og:type\" content=\"article\" \/>\n<meta property=\"og:title\" content=\"Shop Regulations - BrassiBee\u2122\" \/>\n<meta property=\"og:description\" content=\"RULES OF SALE BY MEANS OF COMMUNICATION ON DISTANCE AND ELECTRONIC PROVISION OF SERVICES Internet shop www.brassitech.com is run by Brasitech Sp. z o.o. Sp. k. Karolina 58 05-530 G\u00f3ra Kalwaria conducting business activity under the name Brasitech Sp. z o.o. Sp. k. entered in the National Court Register kept by the District Court for... View Article\" \/>\n<meta property=\"og:url\" content=\"https:\/\/brassibee.com\/en\/shop-regulations\/\" \/>\n<meta property=\"og:site_name\" content=\"BrassiBee\u2122\" \/>\n<meta name=\"twitter:card\" content=\"summary_large_image\" \/>\n<meta name=\"twitter:label1\" content=\"Est. reading time\" \/>\n\t<meta name=\"twitter:data1\" content=\"9 minutes\" \/>\n<script type=\"application\/ld+json\" class=\"yoast-schema-graph\">{\"@context\":\"https:\/\/schema.org\",\"@graph\":[{\"@type\":\"WebPage\",\"@id\":\"https:\/\/brassibee.com\/en\/shop-regulations\/\",\"url\":\"https:\/\/brassibee.com\/en\/shop-regulations\/\",\"name\":\"Shop Regulations - BrassiBee\u2122\",\"isPartOf\":{\"@id\":\"https:\/\/brassibee.com\/en\/#website\"},\"datePublished\":\"2020-01-31T12:44:59+00:00\",\"dateModified\":\"2020-01-31T12:44:59+00:00\",\"breadcrumb\":{\"@id\":\"https:\/\/brassibee.com\/en\/shop-regulations\/#breadcrumb\"},\"inLanguage\":\"en-US\",\"potentialAction\":[{\"@type\":\"ReadAction\",\"target\":[\"https:\/\/brassibee.com\/en\/shop-regulations\/\"]}]},{\"@type\":\"BreadcrumbList\",\"@id\":\"https:\/\/brassibee.com\/en\/shop-regulations\/#breadcrumb\",\"itemListElement\":[{\"@type\":\"ListItem\",\"position\":1,\"name\":\"Strona g\u0142\u00f3wna\",\"item\":\"https:\/\/brassibee.com\/en\/\"},{\"@type\":\"ListItem\",\"position\":2,\"name\":\"Shop Regulations\"}]},{\"@type\":\"WebSite\",\"@id\":\"https:\/\/brassibee.com\/en\/#website\",\"url\":\"https:\/\/brassibee.com\/en\/\",\"name\":\"BrassiBee\u2122\",\"description\":\"Preparat Brassibee\u2122 wspomaga zwalczanie nosemozy oraz przyczynia si\u0119 do zwi\u0119kszenia witalno\u015bci pszcz\u00f3\u0142 i poprawy kondycji rodziny pszczelej.\",\"potentialAction\":[{\"@type\":\"SearchAction\",\"target\":{\"@type\":\"EntryPoint\",\"urlTemplate\":\"https:\/\/brassibee.com\/en\/?s={search_term_string}\"},\"query-input\":\"required name=search_term_string\"}],\"inLanguage\":\"en-US\"}]}<\/script>\n<!-- \/ Yoast SEO plugin. -->","yoast_head_json":{"title":"Shop Regulations - BrassiBee\u2122","robots":{"index":"index","follow":"follow","max-snippet":"max-snippet:-1","max-image-preview":"max-image-preview:large","max-video-preview":"max-video-preview:-1"},"canonical":"https:\/\/brassibee.com\/en\/shop-regulations\/","og_locale":"en_US","og_type":"article","og_title":"Shop Regulations - BrassiBee\u2122","og_description":"RULES OF SALE BY MEANS OF COMMUNICATION ON DISTANCE AND ELECTRONIC PROVISION OF SERVICES Internet shop www.brassitech.com is run by Brasitech Sp. z o.o. Sp. k. Karolina 58 05-530 G\u00f3ra Kalwaria conducting business activity under the name Brasitech Sp. z o.o. Sp. k. entered in the National Court Register kept by the District Court for... View Article","og_url":"https:\/\/brassibee.com\/en\/shop-regulations\/","og_site_name":"BrassiBee\u2122","twitter_card":"summary_large_image","twitter_misc":{"Est. reading time":"9 minutes"},"schema":{"@context":"https:\/\/schema.org","@graph":[{"@type":"WebPage","@id":"https:\/\/brassibee.com\/en\/shop-regulations\/","url":"https:\/\/brassibee.com\/en\/shop-regulations\/","name":"Shop Regulations - BrassiBee\u2122","isPartOf":{"@id":"https:\/\/brassibee.com\/en\/#website"},"datePublished":"2020-01-31T12:44:59+00:00","dateModified":"2020-01-31T12:44:59+00:00","breadcrumb":{"@id":"https:\/\/brassibee.com\/en\/shop-regulations\/#breadcrumb"},"inLanguage":"en-US","potentialAction":[{"@type":"ReadAction","target":["https:\/\/brassibee.com\/en\/shop-regulations\/"]}]},{"@type":"BreadcrumbList","@id":"https:\/\/brassibee.com\/en\/shop-regulations\/#breadcrumb","itemListElement":[{"@type":"ListItem","position":1,"name":"Strona g\u0142\u00f3wna","item":"https:\/\/brassibee.com\/en\/"},{"@type":"ListItem","position":2,"name":"Shop Regulations"}]},{"@type":"WebSite","@id":"https:\/\/brassibee.com\/en\/#website","url":"https:\/\/brassibee.com\/en\/","name":"BrassiBee\u2122","description":"Preparat Brassibee\u2122 wspomaga zwalczanie nosemozy oraz przyczynia si\u0119 do zwi\u0119kszenia witalno\u015bci pszcz\u00f3\u0142 i poprawy kondycji rodziny pszczelej.","potentialAction":[{"@type":"SearchAction","target":{"@type":"EntryPoint","urlTemplate":"https:\/\/brassibee.com\/en\/?s={search_term_string}"},"query-input":"required name=search_term_string"}],"inLanguage":"en-US"}]}},"_links":{"self":[{"href":"https:\/\/brassibee.com\/en\/wp-json\/wp\/v2\/pages\/67"}],"collection":[{"href":"https:\/\/brassibee.com\/en\/wp-json\/wp\/v2\/pages"}],"about":[{"href":"https:\/\/brassibee.com\/en\/wp-json\/wp\/v2\/types\/page"}],"author":[{"embeddable":true,"href":"https:\/\/brassibee.com\/en\/wp-json\/wp\/v2\/users\/1"}],"replies":[{"embeddable":true,"href":"https:\/\/brassibee.com\/en\/wp-json\/wp\/v2\/comments?post=67"}],"version-history":[{"count":1,"href":"https:\/\/brassibee.com\/en\/wp-json\/wp\/v2\/pages\/67\/revisions"}],"predecessor-version":[{"id":68,"href":"https:\/\/brassibee.com\/en\/wp-json\/wp\/v2\/pages\/67\/revisions\/68"}],"wp:attachment":[{"href":"https:\/\/brassibee.com\/en\/wp-json\/wp\/v2\/media?parent=67"}],"curies":[{"name":"wp","href":"https:\/\/api.w.org\/{rel}","templated":true}]}}