{"id":84,"date":"2019-06-18T23:27:47","date_gmt":"2019-06-18T21:27:47","guid":{"rendered":"http:\/\/brassibee.com\/idea\/"},"modified":"2020-01-31T16:04:22","modified_gmt":"2020-01-31T15:04:22","slug":"idea","status":"publish","type":"page","link":"https:\/\/brassibee.com\/en\/idea\/","title":{"rendered":"Idea"},"content":{"rendered":"","protected":false},"excerpt":{"rendered":"","protected":false},"author":1,"featured_media":0,"parent":0,"menu_order":20,"comment_status":"closed","ping_status":"closed","template":"template-idea-en.php","meta":{"_acf_changed":false,"footnotes":""},"acf":[],"yoast_head":"<!-- This site is optimized with the Yoast SEO plugin v22.9 - https:\/\/yoast.com\/wordpress\/plugins\/seo\/ -->\n<title>Idea - BrassiBee\u2122<\/title>\n<meta name=\"description\" content=\"Skuteczne pomaganie ludziom i zwierz\u0119tom poprzez tworzenie przyjaznych, naturalnych produkt\u00f3w wykorzystuj\u0105cych wyj\u0105tkowe w\u0142a\u015bciwo\u015bci lecznicze w kapu\u015bcie.\" \/>\n<meta name=\"robots\" content=\"index, follow, max-snippet:-1, max-image-preview:large, max-video-preview:-1\" \/>\n<link rel=\"canonical\" href=\"https:\/\/brassibee.com\/en\/idea\/\" \/>\n<meta property=\"og:locale\" content=\"en_US\" \/>\n<meta property=\"og:type\" content=\"article\" \/>\n<meta property=\"og:title\" content=\"Idea - BrassiBee\u2122\" \/>\n<meta property=\"og:description\" content=\"Skuteczne pomaganie ludziom i zwierz\u0119tom poprzez tworzenie przyjaznych, naturalnych produkt\u00f3w wykorzystuj\u0105cych wyj\u0105tkowe w\u0142a\u015bciwo\u015bci lecznicze w kapu\u015bcie.\" \/>\n<meta property=\"og:url\" content=\"https:\/\/brassibee.com\/en\/idea\/\" \/>\n<meta property=\"og:site_name\" content=\"BrassiBee\u2122\" \/>\n<meta property=\"article:modified_time\" content=\"2020-01-31T15:04:22+00:00\" \/>\n<meta name=\"twitter:card\" content=\"summary_large_image\" \/>\n<script type=\"application\/ld+json\" class=\"yoast-schema-graph\">{\"@context\":\"https:\/\/schema.org\",\"@graph\":[{\"@type\":\"WebPage\",\"@id\":\"https:\/\/brassibee.com\/en\/idea\/\",\"url\":\"https:\/\/brassibee.com\/en\/idea\/\",\"name\":\"Idea - BrassiBee\u2122\",\"isPartOf\":{\"@id\":\"https:\/\/brassibee.com\/en\/#website\"},\"datePublished\":\"2019-06-18T21:27:47+00:00\",\"dateModified\":\"2020-01-31T15:04:22+00:00\",\"description\":\"Skuteczne pomaganie ludziom i zwierz\u0119tom poprzez tworzenie przyjaznych, naturalnych produkt\u00f3w wykorzystuj\u0105cych wyj\u0105tkowe w\u0142a\u015bciwo\u015bci lecznicze w kapu\u015bcie.\",\"breadcrumb\":{\"@id\":\"https:\/\/brassibee.com\/en\/idea\/#breadcrumb\"},\"inLanguage\":\"en-US\",\"potentialAction\":[{\"@type\":\"ReadAction\",\"target\":[\"https:\/\/brassibee.com\/en\/idea\/\"]}]},{\"@type\":\"BreadcrumbList\",\"@id\":\"https:\/\/brassibee.com\/en\/idea\/#breadcrumb\",\"itemListElement\":[{\"@type\":\"ListItem\",\"position\":1,\"name\":\"Strona g\u0142\u00f3wna\",\"item\":\"https:\/\/brassibee.com\/en\/\"},{\"@type\":\"ListItem\",\"position\":2,\"name\":\"Idea\"}]},{\"@type\":\"WebSite\",\"@id\":\"https:\/\/brassibee.com\/en\/#website\",\"url\":\"https:\/\/brassibee.com\/en\/\",\"name\":\"BrassiBee\u2122\",\"description\":\"Preparat Brassibee\u2122 wspomaga zwalczanie nosemozy oraz przyczynia si\u0119 do zwi\u0119kszenia witalno\u015bci pszcz\u00f3\u0142 i poprawy kondycji rodziny pszczelej.\",\"potentialAction\":[{\"@type\":\"SearchAction\",\"target\":{\"@type\":\"EntryPoint\",\"urlTemplate\":\"https:\/\/brassibee.com\/en\/?s={search_term_string}\"},\"query-input\":\"required name=search_term_string\"}],\"inLanguage\":\"en-US\"}]}<\/script>\n<!-- \/ Yoast SEO plugin. -->","yoast_head_json":{"title":"Idea - BrassiBee\u2122","description":"Skuteczne pomaganie ludziom i zwierz\u0119tom poprzez tworzenie przyjaznych, naturalnych produkt\u00f3w wykorzystuj\u0105cych wyj\u0105tkowe w\u0142a\u015bciwo\u015bci lecznicze w kapu\u015bcie.","robots":{"index":"index","follow":"follow","max-snippet":"max-snippet:-1","max-image-preview":"max-image-preview:large","max-video-preview":"max-video-preview:-1"},"canonical":"https:\/\/brassibee.com\/en\/idea\/","og_locale":"en_US","og_type":"article","og_title":"Idea - BrassiBee\u2122","og_description":"Skuteczne pomaganie ludziom i zwierz\u0119tom poprzez tworzenie przyjaznych, naturalnych produkt\u00f3w wykorzystuj\u0105cych wyj\u0105tkowe w\u0142a\u015bciwo\u015bci lecznicze w kapu\u015bcie.","og_url":"https:\/\/brassibee.com\/en\/idea\/","og_site_name":"BrassiBee\u2122","article_modified_time":"2020-01-31T15:04:22+00:00","twitter_card":"summary_large_image","schema":{"@context":"https:\/\/schema.org","@graph":[{"@type":"WebPage","@id":"https:\/\/brassibee.com\/en\/idea\/","url":"https:\/\/brassibee.com\/en\/idea\/","name":"Idea - BrassiBee\u2122","isPartOf":{"@id":"https:\/\/brassibee.com\/en\/#website"},"datePublished":"2019-06-18T21:27:47+00:00","dateModified":"2020-01-31T15:04:22+00:00","description":"Skuteczne pomaganie ludziom i zwierz\u0119tom poprzez tworzenie przyjaznych, naturalnych produkt\u00f3w wykorzystuj\u0105cych wyj\u0105tkowe w\u0142a\u015bciwo\u015bci lecznicze w kapu\u015bcie.","breadcrumb":{"@id":"https:\/\/brassibee.com\/en\/idea\/#breadcrumb"},"inLanguage":"en-US","potentialAction":[{"@type":"ReadAction","target":["https:\/\/brassibee.com\/en\/idea\/"]}]},{"@type":"BreadcrumbList","@id":"https:\/\/brassibee.com\/en\/idea\/#breadcrumb","itemListElement":[{"@type":"ListItem","position":1,"name":"Strona g\u0142\u00f3wna","item":"https:\/\/brassibee.com\/en\/"},{"@type":"ListItem","position":2,"name":"Idea"}]},{"@type":"WebSite","@id":"https:\/\/brassibee.com\/en\/#website","url":"https:\/\/brassibee.com\/en\/","name":"BrassiBee\u2122","description":"Preparat Brassibee\u2122 wspomaga zwalczanie nosemozy oraz przyczynia si\u0119 do zwi\u0119kszenia witalno\u015bci pszcz\u00f3\u0142 i poprawy kondycji rodziny pszczelej.","potentialAction":[{"@type":"SearchAction","target":{"@type":"EntryPoint","urlTemplate":"https:\/\/brassibee.com\/en\/?s={search_term_string}"},"query-input":"required name=search_term_string"}],"inLanguage":"en-US"}]}},"_links":{"self":[{"href":"https:\/\/brassibee.com\/en\/wp-json\/wp\/v2\/pages\/84"}],"collection":[{"href":"https:\/\/brassibee.com\/en\/wp-json\/wp\/v2\/pages"}],"about":[{"href":"https:\/\/brassibee.com\/en\/wp-json\/wp\/v2\/types\/page"}],"author":[{"embeddable":true,"href":"https:\/\/brassibee.com\/en\/wp-json\/wp\/v2\/users\/1"}],"replies":[{"embeddable":true,"href":"https:\/\/brassibee.com\/en\/wp-json\/wp\/v2\/comments?post=84"}],"version-history":[{"count":1,"href":"https:\/\/brassibee.com\/en\/wp-json\/wp\/v2\/pages\/84\/revisions"}],"predecessor-version":[{"id":90,"href":"https:\/\/brassibee.com\/en\/wp-json\/wp\/v2\/pages\/84\/revisions\/90"}],"wp:attachment":[{"href":"https:\/\/brassibee.com\/en\/wp-json\/wp\/v2\/media?parent=84"}],"curies":[{"name":"wp","href":"https:\/\/api.w.org\/{rel}","templated":true}]}}